{"id":39429,"date":"2024-01-12T16:42:34","date_gmt":"2024-01-12T14:42:34","guid":{"rendered":"https:\/\/cosmetic.lv\/?post_type=product&#038;p=39429"},"modified":"2024-01-12T16:47:47","modified_gmt":"2024-01-12T14:47:47","slug":"gada-laiki-nika-vernikova","status":"publish","type":"product","link":"https:\/\/cosmetic.lv\/lv\/product\/gada-laiki-nika-vernikova\/","title":{"rendered":"Gada laiki Nika Vernikova"},"content":{"rendered":"<pre id=\"tw-target-text\" dir=\"ltr\">80 fotokartes (20 katrai sezonai) un 20 ar roku z\u012bm\u0113tas kart\u012btes, kas velt\u012btas sv\u0113tkiem un \u012bpa\u0161\u0101m dien\u0101m\r\n    pavado\u0161ais disks ar m\u016bziku, dzeju, audio esej\u0101m, glezn\u0101m utt.\r\n    instrukcijas kl\u0101jam \u201cGadalaiki\u201d ar 12 vingrin\u0101jumu piem\u0113riem\r\n\r\n\u201cGadalaiki\u201d ir metaforisku asociat\u012bvu k\u0101r\u0161u komplekts rado\u0161ai att\u012bst\u012bbai, kas pielietojams rado\u0161\u0101 potenci\u0101la atrais\u012b\u0161anai, apmierin\u0101t\u012bbas ar dz\u012bvi diagnostic\u0113\u0161anai, profesion\u0101l\u0101s izdeg\u0161anas probl\u0113mu risin\u0101\u0161anai un papildu ener\u0123ijas resursu apzin\u0101\u0161anai.\r\n\r\nKartes var izmantot no 14 gadu vecuma.\r\n\r\nKl\u0101ja ir piem\u0113rota individu\u0101lam un grupu darbam.<\/pre>\n","protected":false},"excerpt":{"rendered":"<p>80 fotokartes (20 katrai sezonai) un 20 ar roku z\u012bm\u0113tas kart\u012btes, kas velt\u012btas sv\u0113tkiem un \u012bpa\u0161\u0101m dien\u0101m pavado\u0161ais disks ar<\/p>\n","protected":false},"featured_media":0,"template":"","meta":[],"product_brand":[],"product_cat":[2288],"product_tag":[],"class_list":{"0":"post-39429","1":"product","2":"type-product","3":"status-publish","5":"product_cat-ezoterika-kartis-lv","7":"first","8":"instock","9":"taxable","10":"shipping-taxable","11":"purchasable","12":"product-type-simple"},"yoast_head":"<!-- This site is optimized with the Yoast SEO Premium plugin v27.0 (Yoast SEO v27.0) - https:\/\/yoast.com\/product\/yoast-seo-premium-wordpress\/ -->\n<title>Gada laiki Nika Vernikova - cosmetic.lv<\/title>\n<meta name=\"robots\" content=\"index, follow, max-snippet:-1, max-image-preview:large, max-video-preview:-1\" \/>\n<link rel=\"canonical\" href=\"https:\/\/cosmetic.lv\/lv\/product\/gada-laiki-nika-vernikova\/\" \/>\n<meta property=\"og:locale\" content=\"lv_LV\" \/>\n<meta property=\"og:type\" content=\"article\" \/>\n<meta property=\"og:title\" content=\"Gada laiki Nika Vernikova\" \/>\n<meta property=\"og:description\" content=\"80 fotokartes (20 katrai sezonai) un 20 ar roku z\u012bm\u0113tas kart\u012btes, kas velt\u012btas sv\u0113tkiem un \u012bpa\u0161\u0101m dien\u0101m pavado\u0161ais disks ar\" \/>\n<meta property=\"og:url\" content=\"https:\/\/cosmetic.lv\/lv\/product\/gada-laiki-nika-vernikova\/\" \/>\n<meta property=\"og:site_name\" content=\"cosmetic.lv\" \/>\n<meta property=\"article:publisher\" content=\"https:\/\/www.facebook.com\/cosmetic.lv\/\" \/>\n<meta property=\"article:modified_time\" content=\"2024-01-12T14:47:47+00:00\" \/>\n<meta name=\"twitter:card\" content=\"summary_large_image\" \/>\n<script type=\"application\/ld+json\" class=\"yoast-schema-graph\">{\"@context\":\"https:\/\/schema.org\",\"@graph\":[{\"@type\":\"WebPage\",\"@id\":\"https:\/\/cosmetic.lv\/lv\/product\/gada-laiki-nika-vernikova\/\",\"url\":\"https:\/\/cosmetic.lv\/lv\/product\/gada-laiki-nika-vernikova\/\",\"name\":\"Gada laiki Nika Vernikova - cosmetic.lv\",\"isPartOf\":{\"@id\":\"https:\/\/cosmetic.lv\/lv\/#website\"},\"datePublished\":\"2024-01-12T14:42:34+00:00\",\"dateModified\":\"2024-01-12T14:47:47+00:00\",\"breadcrumb\":{\"@id\":\"https:\/\/cosmetic.lv\/lv\/product\/gada-laiki-nika-vernikova\/#breadcrumb\"},\"inLanguage\":\"lv-LV\",\"potentialAction\":[{\"@type\":\"ReadAction\",\"target\":[\"https:\/\/cosmetic.lv\/lv\/product\/gada-laiki-nika-vernikova\/\"]}]},{\"@type\":\"BreadcrumbList\",\"@id\":\"https:\/\/cosmetic.lv\/lv\/product\/gada-laiki-nika-vernikova\/#breadcrumb\",\"itemListElement\":[{\"@type\":\"ListItem\",\"position\":1,\"name\":\"Home\",\"item\":\"https:\/\/cosmetic.lv\/lv\/\"},{\"@type\":\"ListItem\",\"position\":2,\"name\":\"Veikals\",\"item\":\"https:\/\/cosmetic.lv\/lv\/veiklas\/\"},{\"@type\":\"ListItem\",\"position\":3,\"name\":\"Gada laiki Nika Vernikova\"}]},{\"@type\":\"WebSite\",\"@id\":\"https:\/\/cosmetic.lv\/lv\/#website\",\"url\":\"https:\/\/cosmetic.lv\/lv\/\",\"name\":\"cosmetic.lv\",\"description\":\"Profesion\u0101la kosm\u0113tika - Maria Galland, Keune, Arkadija, GMT, Guam, Magiray\",\"publisher\":{\"@id\":\"https:\/\/cosmetic.lv\/lv\/#organization\"},\"potentialAction\":[{\"@type\":\"SearchAction\",\"target\":{\"@type\":\"EntryPoint\",\"urlTemplate\":\"https:\/\/cosmetic.lv\/lv\/?s={search_term_string}\"},\"query-input\":{\"@type\":\"PropertyValueSpecification\",\"valueRequired\":true,\"valueName\":\"search_term_string\"}}],\"inLanguage\":\"lv-LV\"},{\"@type\":\"Organization\",\"@id\":\"https:\/\/cosmetic.lv\/lv\/#organization\",\"name\":\"COSMETIC.LV\",\"url\":\"https:\/\/cosmetic.lv\/lv\/\",\"logo\":{\"@type\":\"ImageObject\",\"inLanguage\":\"lv-LV\",\"@id\":\"https:\/\/cosmetic.lv\/lv\/#\/schema\/logo\/image\/\",\"url\":\"https:\/\/cosmetic.lv\/wp-content\/uploads\/2021\/02\/cosmetic.lv_logo.jpg\",\"contentUrl\":\"https:\/\/cosmetic.lv\/wp-content\/uploads\/2021\/02\/cosmetic.lv_logo.jpg\",\"width\":596,\"height\":196,\"caption\":\"COSMETIC.LV\"},\"image\":{\"@id\":\"https:\/\/cosmetic.lv\/lv\/#\/schema\/logo\/image\/\"},\"sameAs\":[\"https:\/\/www.facebook.com\/cosmetic.lv\/\"]}]}<\/script>\n<meta property=\"product:price:amount\" content=\"29.00\" \/>\n<meta property=\"product:price:currency\" content=\"EUR\" \/>\n<meta property=\"og:availability\" content=\"instock\" \/>\n<meta property=\"product:availability\" content=\"instock\" \/>\n<meta property=\"product:retailer_item_id\" content=\"vern\" \/>\n<meta property=\"product:condition\" content=\"new\" \/>\n<!-- \/ Yoast SEO Premium plugin. -->","yoast_head_json":{"title":"Gada laiki Nika Vernikova - cosmetic.lv","robots":{"index":"index","follow":"follow","max-snippet":"max-snippet:-1","max-image-preview":"max-image-preview:large","max-video-preview":"max-video-preview:-1"},"canonical":"https:\/\/cosmetic.lv\/lv\/product\/gada-laiki-nika-vernikova\/","og_locale":"lv_LV","og_type":"article","og_title":"Gada laiki Nika Vernikova","og_description":"80 fotokartes (20 katrai sezonai) un 20 ar roku z\u012bm\u0113tas kart\u012btes, kas velt\u012btas sv\u0113tkiem un \u012bpa\u0161\u0101m dien\u0101m pavado\u0161ais disks ar","og_url":"https:\/\/cosmetic.lv\/lv\/product\/gada-laiki-nika-vernikova\/","og_site_name":"cosmetic.lv","article_publisher":"https:\/\/www.facebook.com\/cosmetic.lv\/","article_modified_time":"2024-01-12T14:47:47+00:00","twitter_card":"summary_large_image","schema":{"@context":"https:\/\/schema.org","@graph":[{"@type":"WebPage","@id":"https:\/\/cosmetic.lv\/lv\/product\/gada-laiki-nika-vernikova\/","url":"https:\/\/cosmetic.lv\/lv\/product\/gada-laiki-nika-vernikova\/","name":"Gada laiki Nika Vernikova - cosmetic.lv","isPartOf":{"@id":"https:\/\/cosmetic.lv\/lv\/#website"},"datePublished":"2024-01-12T14:42:34+00:00","dateModified":"2024-01-12T14:47:47+00:00","breadcrumb":{"@id":"https:\/\/cosmetic.lv\/lv\/product\/gada-laiki-nika-vernikova\/#breadcrumb"},"inLanguage":"lv-LV","potentialAction":[{"@type":"ReadAction","target":["https:\/\/cosmetic.lv\/lv\/product\/gada-laiki-nika-vernikova\/"]}]},{"@type":"BreadcrumbList","@id":"https:\/\/cosmetic.lv\/lv\/product\/gada-laiki-nika-vernikova\/#breadcrumb","itemListElement":[{"@type":"ListItem","position":1,"name":"Home","item":"https:\/\/cosmetic.lv\/lv\/"},{"@type":"ListItem","position":2,"name":"Veikals","item":"https:\/\/cosmetic.lv\/lv\/veiklas\/"},{"@type":"ListItem","position":3,"name":"Gada laiki Nika Vernikova"}]},{"@type":"WebSite","@id":"https:\/\/cosmetic.lv\/lv\/#website","url":"https:\/\/cosmetic.lv\/lv\/","name":"cosmetic.lv","description":"Profesion\u0101la kosm\u0113tika - Maria Galland, Keune, Arkadija, GMT, Guam, Magiray","publisher":{"@id":"https:\/\/cosmetic.lv\/lv\/#organization"},"potentialAction":[{"@type":"SearchAction","target":{"@type":"EntryPoint","urlTemplate":"https:\/\/cosmetic.lv\/lv\/?s={search_term_string}"},"query-input":{"@type":"PropertyValueSpecification","valueRequired":true,"valueName":"search_term_string"}}],"inLanguage":"lv-LV"},{"@type":"Organization","@id":"https:\/\/cosmetic.lv\/lv\/#organization","name":"COSMETIC.LV","url":"https:\/\/cosmetic.lv\/lv\/","logo":{"@type":"ImageObject","inLanguage":"lv-LV","@id":"https:\/\/cosmetic.lv\/lv\/#\/schema\/logo\/image\/","url":"https:\/\/cosmetic.lv\/wp-content\/uploads\/2021\/02\/cosmetic.lv_logo.jpg","contentUrl":"https:\/\/cosmetic.lv\/wp-content\/uploads\/2021\/02\/cosmetic.lv_logo.jpg","width":596,"height":196,"caption":"COSMETIC.LV"},"image":{"@id":"https:\/\/cosmetic.lv\/lv\/#\/schema\/logo\/image\/"},"sameAs":["https:\/\/www.facebook.com\/cosmetic.lv\/"]}]},"product_price_amount":"29.00","product_price_currency":"EUR","og_availability":"instock","product_availability":"instock","product_retailer_item_id":"vern","product_condition":"new"},"_links":{"self":[{"href":"https:\/\/cosmetic.lv\/lv\/wp-json\/wp\/v2\/product\/39429","targetHints":{"allow":["GET"]}}],"collection":[{"href":"https:\/\/cosmetic.lv\/lv\/wp-json\/wp\/v2\/product"}],"about":[{"href":"https:\/\/cosmetic.lv\/lv\/wp-json\/wp\/v2\/types\/product"}],"wp:attachment":[{"href":"https:\/\/cosmetic.lv\/lv\/wp-json\/wp\/v2\/media?parent=39429"}],"wp:term":[{"taxonomy":"product_brand","embeddable":true,"href":"https:\/\/cosmetic.lv\/lv\/wp-json\/wp\/v2\/product_brand?post=39429"},{"taxonomy":"product_cat","embeddable":true,"href":"https:\/\/cosmetic.lv\/lv\/wp-json\/wp\/v2\/product_cat?post=39429"},{"taxonomy":"product_tag","embeddable":true,"href":"https:\/\/cosmetic.lv\/lv\/wp-json\/wp\/v2\/product_tag?post=39429"}],"curies":[{"name":"wp","href":"https:\/\/api.w.org\/{rel}","templated":true}]}}