{"id":39538,"date":"2024-03-03T17:00:19","date_gmt":"2024-03-03T15:02:00","guid":{"rendered":"https:\/\/cosmetic.lv\/?post_type=product&#038;p=39538"},"modified":"2024-03-03T17:02:01","modified_gmt":"2024-03-03T15:02:01","slug":"nikotinovaya-kislota-dlya-volos-mirrolla","status":"publish","type":"product","link":"https:\/\/cosmetic.lv\/lv\/product\/nikotinovaya-kislota-dlya-volos-mirrolla\/","title":{"rendered":"\u041d\u0438\u043a\u043e\u0442\u0438\u043d\u043e\u0432\u0430\u044f \u043a\u0438\u0441\u043b\u043e\u0442\u0430 \u0434\u043b\u044f \u0432\u043e\u043b\u043e\u0441 \u041c\u0438\u0440\u0440\u043e\u043b\u043b\u0430"},"content":{"rendered":"<div id=\"tw-target-text-container\">\n<pre id=\"tw-target-text\" dir=\"ltr\">Nikot\u012bnsk\u0101be (niac\u012bns), kas paz\u012bstama ar\u012b k\u0101 B3 vitam\u012bns, ir tie\u0161i iesaist\u012bta redoksprocesos un organismam svar\u012bgu enz\u012bmu ra\u017eo\u0161an\u0101. Nikot\u012bnsk\u0101be stimul\u0113 mikrocirkul\u0101ciju un vielmai\u0146u matu folikul\u0101, kas pal\u012bdz pa\u0101trin\u0101t matu aug\u0161anu. Produkts, kas bag\u0101tin\u0101ts ar augu ekstraktiem \u2013 matu aug\u0161anas aktivatoriem, iedarbojas kompleksi, pal\u012bdz pies\u0101tin\u0101t matu folikulus ar sk\u0101bekli un stiprina matus, k\u0101 rezult\u0101t\u0101 tiek aptur\u0113ts matu izkri\u0161anas process. Nikot\u012bnsk\u0101bei ir ar\u012b \u017e\u016b\u0161anas efekts, pal\u012bdzot normaliz\u0113t tauku dziedzeru darb\u012bbu.<\/pre>\n<\/div>\n<div id=\"tw-target-text-container\">\n<pre id=\"tw-target-text\" dir=\"ltr\">Veicina matu aug\u0161anu;\r\n    Palielina mikrocirkul\u0101ciju;\r\n    Stiprina matu saknes;\r\n    Uzlabo matu \u0161\u0137iedras izskatu.<\/pre>\n<pre id=\"tw-target-text\" dir=\"ltr\">Lieto\u0161anas veids\r\n\r\nUzkl\u0101jiet uz t\u012bras galvas \u0101das, sadalot matus, izklied\u0113jiet pa visu virsmu ar mas\u0113jo\u0161\u0101m kust\u012bb\u0101m. Neizskalojiet. Lietojiet reizi 3 dien\u0101s. Ieteicamais kurss: 14 proced\u016bras. Kursu var atk\u0101rtot reizi 3 m\u0113ne\u0161os.<\/pre>\n<\/div>\n<pre dir=\"ltr\">100ml<\/pre>\n<pre id=\"tw-target-rmn\" dir=\"ltr\"><\/pre>\n","protected":false},"excerpt":{"rendered":"<p>Nikot\u012bnsk\u0101be (niac\u012bns), kas paz\u012bstama ar\u012b k\u0101 B3 vitam\u012bns, ir tie\u0161i iesaist\u012bta redoksprocesos un organismam svar\u012bgu enz\u012bmu ra\u017eo\u0161an\u0101. Nikot\u012bnsk\u0101be stimul\u0113 mikrocirkul\u0101ciju<\/p>\n","protected":false},"featured_media":39537,"template":"","meta":[],"product_brand":[],"product_cat":[2200,2208],"product_tag":[],"class_list":{"0":"post-39538","1":"product","2":"type-product","3":"status-publish","4":"has-post-thumbnail","6":"product_cat-skaistums-un-veseliba-lv","7":"product_cat-matu-kopsana-lv","9":"first","10":"instock","11":"sale","12":"taxable","13":"shipping-taxable","14":"purchasable","15":"product-type-simple"},"yoast_head":"<!-- This site is optimized with the Yoast SEO Premium plugin v27.0 (Yoast SEO v27.0) - https:\/\/yoast.com\/product\/yoast-seo-premium-wordpress\/ -->\n<title>\u041d\u0438\u043a\u043e\u0442\u0438\u043d\u043e\u0432\u0430\u044f \u043a\u0438\u0441\u043b\u043e\u0442\u0430 \u0434\u043b\u044f \u0432\u043e\u043b\u043e\u0441 \u041c\u0438\u0440\u0440\u043e\u043b\u043b\u0430 - cosmetic.lv<\/title>\n<meta name=\"robots\" content=\"index, follow, max-snippet:-1, max-image-preview:large, max-video-preview:-1\" \/>\n<link rel=\"canonical\" href=\"https:\/\/cosmetic.lv\/lv\/product\/nikotinovaya-kislota-dlya-volos-mirrolla\/\" \/>\n<meta property=\"og:locale\" content=\"lv_LV\" \/>\n<meta property=\"og:type\" content=\"article\" \/>\n<meta property=\"og:title\" content=\"\u041d\u0438\u043a\u043e\u0442\u0438\u043d\u043e\u0432\u0430\u044f \u043a\u0438\u0441\u043b\u043e\u0442\u0430 \u0434\u043b\u044f \u0432\u043e\u043b\u043e\u0441 \u041c\u0438\u0440\u0440\u043e\u043b\u043b\u0430\" \/>\n<meta property=\"og:description\" content=\"Nikot\u012bnsk\u0101be (niac\u012bns), kas paz\u012bstama ar\u012b k\u0101 B3 vitam\u012bns, ir tie\u0161i iesaist\u012bta redoksprocesos un organismam svar\u012bgu enz\u012bmu ra\u017eo\u0161an\u0101. Nikot\u012bnsk\u0101be stimul\u0113 mikrocirkul\u0101ciju\" \/>\n<meta property=\"og:url\" content=\"https:\/\/cosmetic.lv\/lv\/product\/nikotinovaya-kislota-dlya-volos-mirrolla\/\" \/>\n<meta property=\"og:site_name\" content=\"cosmetic.lv\" \/>\n<meta property=\"article:publisher\" content=\"https:\/\/www.facebook.com\/cosmetic.lv\/\" \/>\n<meta property=\"article:modified_time\" content=\"2024-03-03T15:02:01+00:00\" \/>\n<meta property=\"og:image\" content=\"https:\/\/cosmetic.lv\/wp-content\/uploads\/2024\/03\/61jxtkap72l._ac_uf10001000_ql80_.jpg\" \/>\n\t<meta property=\"og:image:width\" content=\"973\" \/>\n\t<meta property=\"og:image:height\" content=\"1000\" \/>\n\t<meta property=\"og:image:type\" content=\"image\/jpeg\" \/>\n<meta name=\"twitter:card\" content=\"summary_large_image\" \/>\n<script type=\"application\/ld+json\" class=\"yoast-schema-graph\">{\"@context\":\"https:\/\/schema.org\",\"@graph\":[{\"@type\":\"WebPage\",\"@id\":\"https:\/\/cosmetic.lv\/lv\/product\/nikotinovaya-kislota-dlya-volos-mirrolla\/\",\"url\":\"https:\/\/cosmetic.lv\/lv\/product\/nikotinovaya-kislota-dlya-volos-mirrolla\/\",\"name\":\"\u041d\u0438\u043a\u043e\u0442\u0438\u043d\u043e\u0432\u0430\u044f \u043a\u0438\u0441\u043b\u043e\u0442\u0430 \u0434\u043b\u044f \u0432\u043e\u043b\u043e\u0441 \u041c\u0438\u0440\u0440\u043e\u043b\u043b\u0430 - cosmetic.lv\",\"isPartOf\":{\"@id\":\"https:\/\/cosmetic.lv\/lv\/#website\"},\"primaryImageOfPage\":{\"@id\":\"https:\/\/cosmetic.lv\/lv\/product\/nikotinovaya-kislota-dlya-volos-mirrolla\/#primaryimage\"},\"image\":{\"@id\":\"https:\/\/cosmetic.lv\/lv\/product\/nikotinovaya-kislota-dlya-volos-mirrolla\/#primaryimage\"},\"thumbnailUrl\":\"https:\/\/cosmetic.lv\/wp-content\/uploads\/2024\/03\/61jxtkap72l._ac_uf10001000_ql80_.jpg\",\"datePublished\":\"2024-03-03T15:02:00+00:00\",\"dateModified\":\"2024-03-03T15:02:01+00:00\",\"breadcrumb\":{\"@id\":\"https:\/\/cosmetic.lv\/lv\/product\/nikotinovaya-kislota-dlya-volos-mirrolla\/#breadcrumb\"},\"inLanguage\":\"lv-LV\",\"potentialAction\":[{\"@type\":\"ReadAction\",\"target\":[\"https:\/\/cosmetic.lv\/lv\/product\/nikotinovaya-kislota-dlya-volos-mirrolla\/\"]}]},{\"@type\":\"ImageObject\",\"inLanguage\":\"lv-LV\",\"@id\":\"https:\/\/cosmetic.lv\/lv\/product\/nikotinovaya-kislota-dlya-volos-mirrolla\/#primaryimage\",\"url\":\"https:\/\/cosmetic.lv\/wp-content\/uploads\/2024\/03\/61jxtkap72l._ac_uf10001000_ql80_.jpg\",\"contentUrl\":\"https:\/\/cosmetic.lv\/wp-content\/uploads\/2024\/03\/61jxtkap72l._ac_uf10001000_ql80_.jpg\",\"width\":973,\"height\":1000},{\"@type\":\"BreadcrumbList\",\"@id\":\"https:\/\/cosmetic.lv\/lv\/product\/nikotinovaya-kislota-dlya-volos-mirrolla\/#breadcrumb\",\"itemListElement\":[{\"@type\":\"ListItem\",\"position\":1,\"name\":\"Home\",\"item\":\"https:\/\/cosmetic.lv\/lv\/\"},{\"@type\":\"ListItem\",\"position\":2,\"name\":\"Veikals\",\"item\":\"https:\/\/cosmetic.lv\/lv\/veiklas\/\"},{\"@type\":\"ListItem\",\"position\":3,\"name\":\"\u041d\u0438\u043a\u043e\u0442\u0438\u043d\u043e\u0432\u0430\u044f \u043a\u0438\u0441\u043b\u043e\u0442\u0430 \u0434\u043b\u044f \u0432\u043e\u043b\u043e\u0441 \u041c\u0438\u0440\u0440\u043e\u043b\u043b\u0430\"}]},{\"@type\":\"WebSite\",\"@id\":\"https:\/\/cosmetic.lv\/lv\/#website\",\"url\":\"https:\/\/cosmetic.lv\/lv\/\",\"name\":\"cosmetic.lv\",\"description\":\"Profesion\u0101la kosm\u0113tika - Maria Galland, Keune, Arkadija, GMT, Guam, Magiray\",\"publisher\":{\"@id\":\"https:\/\/cosmetic.lv\/lv\/#organization\"},\"potentialAction\":[{\"@type\":\"SearchAction\",\"target\":{\"@type\":\"EntryPoint\",\"urlTemplate\":\"https:\/\/cosmetic.lv\/lv\/?s={search_term_string}\"},\"query-input\":{\"@type\":\"PropertyValueSpecification\",\"valueRequired\":true,\"valueName\":\"search_term_string\"}}],\"inLanguage\":\"lv-LV\"},{\"@type\":\"Organization\",\"@id\":\"https:\/\/cosmetic.lv\/lv\/#organization\",\"name\":\"COSMETIC.LV\",\"url\":\"https:\/\/cosmetic.lv\/lv\/\",\"logo\":{\"@type\":\"ImageObject\",\"inLanguage\":\"lv-LV\",\"@id\":\"https:\/\/cosmetic.lv\/lv\/#\/schema\/logo\/image\/\",\"url\":\"https:\/\/cosmetic.lv\/wp-content\/uploads\/2021\/02\/cosmetic.lv_logo.jpg\",\"contentUrl\":\"https:\/\/cosmetic.lv\/wp-content\/uploads\/2021\/02\/cosmetic.lv_logo.jpg\",\"width\":596,\"height\":196,\"caption\":\"COSMETIC.LV\"},\"image\":{\"@id\":\"https:\/\/cosmetic.lv\/lv\/#\/schema\/logo\/image\/\"},\"sameAs\":[\"https:\/\/www.facebook.com\/cosmetic.lv\/\"]}]}<\/script>\n<meta property=\"product:price:amount\" content=\"7.50\" \/>\n<meta property=\"product:price:currency\" content=\"EUR\" \/>\n<meta property=\"og:availability\" content=\"instock\" \/>\n<meta property=\"product:availability\" content=\"instock\" \/>\n<meta property=\"product:retailer_item_id\" content=\"nik34552\" \/>\n<meta property=\"product:condition\" content=\"new\" \/>\n<!-- \/ Yoast SEO Premium plugin. -->","yoast_head_json":{"title":"\u041d\u0438\u043a\u043e\u0442\u0438\u043d\u043e\u0432\u0430\u044f \u043a\u0438\u0441\u043b\u043e\u0442\u0430 \u0434\u043b\u044f \u0432\u043e\u043b\u043e\u0441 \u041c\u0438\u0440\u0440\u043e\u043b\u043b\u0430 - cosmetic.lv","robots":{"index":"index","follow":"follow","max-snippet":"max-snippet:-1","max-image-preview":"max-image-preview:large","max-video-preview":"max-video-preview:-1"},"canonical":"https:\/\/cosmetic.lv\/lv\/product\/nikotinovaya-kislota-dlya-volos-mirrolla\/","og_locale":"lv_LV","og_type":"article","og_title":"\u041d\u0438\u043a\u043e\u0442\u0438\u043d\u043e\u0432\u0430\u044f \u043a\u0438\u0441\u043b\u043e\u0442\u0430 \u0434\u043b\u044f \u0432\u043e\u043b\u043e\u0441 \u041c\u0438\u0440\u0440\u043e\u043b\u043b\u0430","og_description":"Nikot\u012bnsk\u0101be (niac\u012bns), kas paz\u012bstama ar\u012b k\u0101 B3 vitam\u012bns, ir tie\u0161i iesaist\u012bta redoksprocesos un organismam svar\u012bgu enz\u012bmu ra\u017eo\u0161an\u0101. Nikot\u012bnsk\u0101be stimul\u0113 mikrocirkul\u0101ciju","og_url":"https:\/\/cosmetic.lv\/lv\/product\/nikotinovaya-kislota-dlya-volos-mirrolla\/","og_site_name":"cosmetic.lv","article_publisher":"https:\/\/www.facebook.com\/cosmetic.lv\/","article_modified_time":"2024-03-03T15:02:01+00:00","og_image":[{"width":973,"height":1000,"url":"https:\/\/cosmetic.lv\/wp-content\/uploads\/2024\/03\/61jxtkap72l._ac_uf10001000_ql80_.jpg","type":"image\/jpeg"}],"twitter_card":"summary_large_image","schema":{"@context":"https:\/\/schema.org","@graph":[{"@type":"WebPage","@id":"https:\/\/cosmetic.lv\/lv\/product\/nikotinovaya-kislota-dlya-volos-mirrolla\/","url":"https:\/\/cosmetic.lv\/lv\/product\/nikotinovaya-kislota-dlya-volos-mirrolla\/","name":"\u041d\u0438\u043a\u043e\u0442\u0438\u043d\u043e\u0432\u0430\u044f \u043a\u0438\u0441\u043b\u043e\u0442\u0430 \u0434\u043b\u044f \u0432\u043e\u043b\u043e\u0441 \u041c\u0438\u0440\u0440\u043e\u043b\u043b\u0430 - cosmetic.lv","isPartOf":{"@id":"https:\/\/cosmetic.lv\/lv\/#website"},"primaryImageOfPage":{"@id":"https:\/\/cosmetic.lv\/lv\/product\/nikotinovaya-kislota-dlya-volos-mirrolla\/#primaryimage"},"image":{"@id":"https:\/\/cosmetic.lv\/lv\/product\/nikotinovaya-kislota-dlya-volos-mirrolla\/#primaryimage"},"thumbnailUrl":"https:\/\/cosmetic.lv\/wp-content\/uploads\/2024\/03\/61jxtkap72l._ac_uf10001000_ql80_.jpg","datePublished":"2024-03-03T15:02:00+00:00","dateModified":"2024-03-03T15:02:01+00:00","breadcrumb":{"@id":"https:\/\/cosmetic.lv\/lv\/product\/nikotinovaya-kislota-dlya-volos-mirrolla\/#breadcrumb"},"inLanguage":"lv-LV","potentialAction":[{"@type":"ReadAction","target":["https:\/\/cosmetic.lv\/lv\/product\/nikotinovaya-kislota-dlya-volos-mirrolla\/"]}]},{"@type":"ImageObject","inLanguage":"lv-LV","@id":"https:\/\/cosmetic.lv\/lv\/product\/nikotinovaya-kislota-dlya-volos-mirrolla\/#primaryimage","url":"https:\/\/cosmetic.lv\/wp-content\/uploads\/2024\/03\/61jxtkap72l._ac_uf10001000_ql80_.jpg","contentUrl":"https:\/\/cosmetic.lv\/wp-content\/uploads\/2024\/03\/61jxtkap72l._ac_uf10001000_ql80_.jpg","width":973,"height":1000},{"@type":"BreadcrumbList","@id":"https:\/\/cosmetic.lv\/lv\/product\/nikotinovaya-kislota-dlya-volos-mirrolla\/#breadcrumb","itemListElement":[{"@type":"ListItem","position":1,"name":"Home","item":"https:\/\/cosmetic.lv\/lv\/"},{"@type":"ListItem","position":2,"name":"Veikals","item":"https:\/\/cosmetic.lv\/lv\/veiklas\/"},{"@type":"ListItem","position":3,"name":"\u041d\u0438\u043a\u043e\u0442\u0438\u043d\u043e\u0432\u0430\u044f \u043a\u0438\u0441\u043b\u043e\u0442\u0430 \u0434\u043b\u044f \u0432\u043e\u043b\u043e\u0441 \u041c\u0438\u0440\u0440\u043e\u043b\u043b\u0430"}]},{"@type":"WebSite","@id":"https:\/\/cosmetic.lv\/lv\/#website","url":"https:\/\/cosmetic.lv\/lv\/","name":"cosmetic.lv","description":"Profesion\u0101la kosm\u0113tika - Maria Galland, Keune, Arkadija, GMT, Guam, Magiray","publisher":{"@id":"https:\/\/cosmetic.lv\/lv\/#organization"},"potentialAction":[{"@type":"SearchAction","target":{"@type":"EntryPoint","urlTemplate":"https:\/\/cosmetic.lv\/lv\/?s={search_term_string}"},"query-input":{"@type":"PropertyValueSpecification","valueRequired":true,"valueName":"search_term_string"}}],"inLanguage":"lv-LV"},{"@type":"Organization","@id":"https:\/\/cosmetic.lv\/lv\/#organization","name":"COSMETIC.LV","url":"https:\/\/cosmetic.lv\/lv\/","logo":{"@type":"ImageObject","inLanguage":"lv-LV","@id":"https:\/\/cosmetic.lv\/lv\/#\/schema\/logo\/image\/","url":"https:\/\/cosmetic.lv\/wp-content\/uploads\/2021\/02\/cosmetic.lv_logo.jpg","contentUrl":"https:\/\/cosmetic.lv\/wp-content\/uploads\/2021\/02\/cosmetic.lv_logo.jpg","width":596,"height":196,"caption":"COSMETIC.LV"},"image":{"@id":"https:\/\/cosmetic.lv\/lv\/#\/schema\/logo\/image\/"},"sameAs":["https:\/\/www.facebook.com\/cosmetic.lv\/"]}]},"product_price_amount":"7.50","product_price_currency":"EUR","og_availability":"instock","product_availability":"instock","product_retailer_item_id":"nik34552","product_condition":"new"},"_links":{"self":[{"href":"https:\/\/cosmetic.lv\/lv\/wp-json\/wp\/v2\/product\/39538","targetHints":{"allow":["GET"]}}],"collection":[{"href":"https:\/\/cosmetic.lv\/lv\/wp-json\/wp\/v2\/product"}],"about":[{"href":"https:\/\/cosmetic.lv\/lv\/wp-json\/wp\/v2\/types\/product"}],"wp:featuredmedia":[{"embeddable":true,"href":"https:\/\/cosmetic.lv\/lv\/wp-json\/wp\/v2\/media\/39537"}],"wp:attachment":[{"href":"https:\/\/cosmetic.lv\/lv\/wp-json\/wp\/v2\/media?parent=39538"}],"wp:term":[{"taxonomy":"product_brand","embeddable":true,"href":"https:\/\/cosmetic.lv\/lv\/wp-json\/wp\/v2\/product_brand?post=39538"},{"taxonomy":"product_cat","embeddable":true,"href":"https:\/\/cosmetic.lv\/lv\/wp-json\/wp\/v2\/product_cat?post=39538"},{"taxonomy":"product_tag","embeddable":true,"href":"https:\/\/cosmetic.lv\/lv\/wp-json\/wp\/v2\/product_tag?post=39538"}],"curies":[{"name":"wp","href":"https:\/\/api.w.org\/{rel}","templated":true}]}}