{"id":39544,"date":"2024-03-03T17:34:20","date_gmt":"2024-03-03T15:35:44","guid":{"rendered":"https:\/\/cosmetic.lv\/?post_type=product&#038;p=39544"},"modified":"2024-03-03T17:36:37","modified_gmt":"2024-03-03T15:36:37","slug":"vitaoleum-balzam-zales-un-eteriskas-ellas","status":"publish","type":"product","link":"https:\/\/cosmetic.lv\/lv\/product\/vitaoleum-balzam-zales-un-eteriskas-ellas\/","title":{"rendered":"Vitaoleum balzam z\u0101les un \u0113terisk\u0101s e\u013c\u013cas"},"content":{"rendered":"<div id=\"tw-target-text-container\">\n<pre id=\"tw-target-text\" dir=\"ltr\">Balzams Karavajevs - pretiekaisuma, antibakteri\u0101la, pretsaaukst\u0113\u0161an\u0101s, atjaunojo\u0161a iedarb\u012bba\r\n\r\n12 gar\u0161augi un 3 \u0113terisk\u0101s e\u013c\u013cas\r\n\r\n50 ml<\/pre>\n<\/div>\n<div id=\"tw-target-rmn-container\">\n<pre id=\"tw-target-rmn\" dir=\"ltr\"><\/pre>\n<\/div>\n","protected":false},"excerpt":{"rendered":"<p>Balzams Karavajevs &#8211; pretiekaisuma, antibakteri\u0101la, pretsaaukst\u0113\u0161an\u0101s, atjaunojo\u0161a iedarb\u012bba 12 gar\u0161augi un 3 \u0113terisk\u0101s e\u013c\u013cas 50 ml<\/p>\n","protected":false},"featured_media":39543,"template":"","meta":[],"product_brand":[],"product_cat":[2200,2207,2220,2221],"product_tag":[],"class_list":{"0":"post-39544","1":"product","2":"type-product","3":"status-publish","4":"has-post-thumbnail","6":"product_cat-skaistums-un-veseliba-lv","7":"product_cat-veselibai-lv","8":"product_cat-arstnieciski-balzami-un-kremi-lv","9":"product_cat-problemvietas-lv","11":"first","12":"instock","13":"taxable","14":"shipping-taxable","15":"purchasable","16":"product-type-simple"},"yoast_head":"<!-- This site is optimized with the Yoast SEO Premium plugin v27.0 (Yoast SEO v27.0) - https:\/\/yoast.com\/product\/yoast-seo-premium-wordpress\/ -->\n<title>Vitaoleum balzam z\u0101les un \u0113terisk\u0101s e\u013c\u013cas - cosmetic.lv<\/title>\n<meta name=\"robots\" content=\"index, follow, max-snippet:-1, max-image-preview:large, max-video-preview:-1\" \/>\n<link rel=\"canonical\" href=\"https:\/\/cosmetic.lv\/lv\/product\/vitaoleum-balzam-zales-un-eteriskas-ellas\/\" \/>\n<meta property=\"og:locale\" content=\"lv_LV\" \/>\n<meta property=\"og:type\" content=\"article\" \/>\n<meta property=\"og:title\" content=\"Vitaoleum balzam z\u0101les un \u0113terisk\u0101s e\u013c\u013cas\" \/>\n<meta property=\"og:description\" content=\"Balzams Karavajevs - pretiekaisuma, antibakteri\u0101la, pretsaaukst\u0113\u0161an\u0101s, atjaunojo\u0161a iedarb\u012bba 12 gar\u0161augi un 3 \u0113terisk\u0101s e\u013c\u013cas 50 ml\" \/>\n<meta property=\"og:url\" content=\"https:\/\/cosmetic.lv\/lv\/product\/vitaoleum-balzam-zales-un-eteriskas-ellas\/\" \/>\n<meta property=\"og:site_name\" content=\"cosmetic.lv\" \/>\n<meta property=\"article:publisher\" content=\"https:\/\/www.facebook.com\/cosmetic.lv\/\" \/>\n<meta property=\"article:modified_time\" content=\"2024-03-03T15:36:37+00:00\" \/>\n<meta property=\"og:image\" content=\"https:\/\/cosmetic.lv\/wp-content\/uploads\/2024\/03\/balzams.jpg\" \/>\n\t<meta property=\"og:image:width\" content=\"711\" \/>\n\t<meta property=\"og:image:height\" content=\"906\" \/>\n\t<meta property=\"og:image:type\" content=\"image\/jpeg\" \/>\n<meta name=\"twitter:card\" content=\"summary_large_image\" \/>\n<script type=\"application\/ld+json\" class=\"yoast-schema-graph\">{\"@context\":\"https:\/\/schema.org\",\"@graph\":[{\"@type\":\"WebPage\",\"@id\":\"https:\/\/cosmetic.lv\/lv\/product\/vitaoleum-balzam-zales-un-eteriskas-ellas\/\",\"url\":\"https:\/\/cosmetic.lv\/lv\/product\/vitaoleum-balzam-zales-un-eteriskas-ellas\/\",\"name\":\"Vitaoleum balzam z\u0101les un \u0113terisk\u0101s e\u013c\u013cas - cosmetic.lv\",\"isPartOf\":{\"@id\":\"https:\/\/cosmetic.lv\/lv\/#website\"},\"primaryImageOfPage\":{\"@id\":\"https:\/\/cosmetic.lv\/lv\/product\/vitaoleum-balzam-zales-un-eteriskas-ellas\/#primaryimage\"},\"image\":{\"@id\":\"https:\/\/cosmetic.lv\/lv\/product\/vitaoleum-balzam-zales-un-eteriskas-ellas\/#primaryimage\"},\"thumbnailUrl\":\"https:\/\/cosmetic.lv\/wp-content\/uploads\/2024\/03\/balzams.jpg\",\"datePublished\":\"2024-03-03T15:35:44+00:00\",\"dateModified\":\"2024-03-03T15:36:37+00:00\",\"breadcrumb\":{\"@id\":\"https:\/\/cosmetic.lv\/lv\/product\/vitaoleum-balzam-zales-un-eteriskas-ellas\/#breadcrumb\"},\"inLanguage\":\"lv-LV\",\"potentialAction\":[{\"@type\":\"ReadAction\",\"target\":[\"https:\/\/cosmetic.lv\/lv\/product\/vitaoleum-balzam-zales-un-eteriskas-ellas\/\"]}]},{\"@type\":\"ImageObject\",\"inLanguage\":\"lv-LV\",\"@id\":\"https:\/\/cosmetic.lv\/lv\/product\/vitaoleum-balzam-zales-un-eteriskas-ellas\/#primaryimage\",\"url\":\"https:\/\/cosmetic.lv\/wp-content\/uploads\/2024\/03\/balzams.jpg\",\"contentUrl\":\"https:\/\/cosmetic.lv\/wp-content\/uploads\/2024\/03\/balzams.jpg\",\"width\":711,\"height\":906},{\"@type\":\"BreadcrumbList\",\"@id\":\"https:\/\/cosmetic.lv\/lv\/product\/vitaoleum-balzam-zales-un-eteriskas-ellas\/#breadcrumb\",\"itemListElement\":[{\"@type\":\"ListItem\",\"position\":1,\"name\":\"Home\",\"item\":\"https:\/\/cosmetic.lv\/lv\/\"},{\"@type\":\"ListItem\",\"position\":2,\"name\":\"Veikals\",\"item\":\"https:\/\/cosmetic.lv\/lv\/veiklas\/\"},{\"@type\":\"ListItem\",\"position\":3,\"name\":\"Vitaoleum balzam z\u0101les un \u0113terisk\u0101s e\u013c\u013cas\"}]},{\"@type\":\"WebSite\",\"@id\":\"https:\/\/cosmetic.lv\/lv\/#website\",\"url\":\"https:\/\/cosmetic.lv\/lv\/\",\"name\":\"cosmetic.lv\",\"description\":\"Profesion\u0101la kosm\u0113tika - Maria Galland, Keune, Arkadija, GMT, Guam, Magiray\",\"publisher\":{\"@id\":\"https:\/\/cosmetic.lv\/lv\/#organization\"},\"potentialAction\":[{\"@type\":\"SearchAction\",\"target\":{\"@type\":\"EntryPoint\",\"urlTemplate\":\"https:\/\/cosmetic.lv\/lv\/?s={search_term_string}\"},\"query-input\":{\"@type\":\"PropertyValueSpecification\",\"valueRequired\":true,\"valueName\":\"search_term_string\"}}],\"inLanguage\":\"lv-LV\"},{\"@type\":\"Organization\",\"@id\":\"https:\/\/cosmetic.lv\/lv\/#organization\",\"name\":\"COSMETIC.LV\",\"url\":\"https:\/\/cosmetic.lv\/lv\/\",\"logo\":{\"@type\":\"ImageObject\",\"inLanguage\":\"lv-LV\",\"@id\":\"https:\/\/cosmetic.lv\/lv\/#\/schema\/logo\/image\/\",\"url\":\"https:\/\/cosmetic.lv\/wp-content\/uploads\/2021\/02\/cosmetic.lv_logo.jpg\",\"contentUrl\":\"https:\/\/cosmetic.lv\/wp-content\/uploads\/2021\/02\/cosmetic.lv_logo.jpg\",\"width\":596,\"height\":196,\"caption\":\"COSMETIC.LV\"},\"image\":{\"@id\":\"https:\/\/cosmetic.lv\/lv\/#\/schema\/logo\/image\/\"},\"sameAs\":[\"https:\/\/www.facebook.com\/cosmetic.lv\/\"]}]}<\/script>\n<meta property=\"product:price:amount\" content=\"11.90\" \/>\n<meta property=\"product:price:currency\" content=\"EUR\" \/>\n<meta property=\"og:availability\" content=\"instock\" \/>\n<meta property=\"product:availability\" content=\"instock\" \/>\n<meta property=\"product:condition\" content=\"new\" \/>\n<!-- \/ Yoast SEO Premium plugin. -->","yoast_head_json":{"title":"Vitaoleum balzam z\u0101les un \u0113terisk\u0101s e\u013c\u013cas - cosmetic.lv","robots":{"index":"index","follow":"follow","max-snippet":"max-snippet:-1","max-image-preview":"max-image-preview:large","max-video-preview":"max-video-preview:-1"},"canonical":"https:\/\/cosmetic.lv\/lv\/product\/vitaoleum-balzam-zales-un-eteriskas-ellas\/","og_locale":"lv_LV","og_type":"article","og_title":"Vitaoleum balzam z\u0101les un \u0113terisk\u0101s e\u013c\u013cas","og_description":"Balzams Karavajevs - pretiekaisuma, antibakteri\u0101la, pretsaaukst\u0113\u0161an\u0101s, atjaunojo\u0161a iedarb\u012bba 12 gar\u0161augi un 3 \u0113terisk\u0101s e\u013c\u013cas 50 ml","og_url":"https:\/\/cosmetic.lv\/lv\/product\/vitaoleum-balzam-zales-un-eteriskas-ellas\/","og_site_name":"cosmetic.lv","article_publisher":"https:\/\/www.facebook.com\/cosmetic.lv\/","article_modified_time":"2024-03-03T15:36:37+00:00","og_image":[{"width":711,"height":906,"url":"https:\/\/cosmetic.lv\/wp-content\/uploads\/2024\/03\/balzams.jpg","type":"image\/jpeg"}],"twitter_card":"summary_large_image","schema":{"@context":"https:\/\/schema.org","@graph":[{"@type":"WebPage","@id":"https:\/\/cosmetic.lv\/lv\/product\/vitaoleum-balzam-zales-un-eteriskas-ellas\/","url":"https:\/\/cosmetic.lv\/lv\/product\/vitaoleum-balzam-zales-un-eteriskas-ellas\/","name":"Vitaoleum balzam z\u0101les un \u0113terisk\u0101s e\u013c\u013cas - cosmetic.lv","isPartOf":{"@id":"https:\/\/cosmetic.lv\/lv\/#website"},"primaryImageOfPage":{"@id":"https:\/\/cosmetic.lv\/lv\/product\/vitaoleum-balzam-zales-un-eteriskas-ellas\/#primaryimage"},"image":{"@id":"https:\/\/cosmetic.lv\/lv\/product\/vitaoleum-balzam-zales-un-eteriskas-ellas\/#primaryimage"},"thumbnailUrl":"https:\/\/cosmetic.lv\/wp-content\/uploads\/2024\/03\/balzams.jpg","datePublished":"2024-03-03T15:35:44+00:00","dateModified":"2024-03-03T15:36:37+00:00","breadcrumb":{"@id":"https:\/\/cosmetic.lv\/lv\/product\/vitaoleum-balzam-zales-un-eteriskas-ellas\/#breadcrumb"},"inLanguage":"lv-LV","potentialAction":[{"@type":"ReadAction","target":["https:\/\/cosmetic.lv\/lv\/product\/vitaoleum-balzam-zales-un-eteriskas-ellas\/"]}]},{"@type":"ImageObject","inLanguage":"lv-LV","@id":"https:\/\/cosmetic.lv\/lv\/product\/vitaoleum-balzam-zales-un-eteriskas-ellas\/#primaryimage","url":"https:\/\/cosmetic.lv\/wp-content\/uploads\/2024\/03\/balzams.jpg","contentUrl":"https:\/\/cosmetic.lv\/wp-content\/uploads\/2024\/03\/balzams.jpg","width":711,"height":906},{"@type":"BreadcrumbList","@id":"https:\/\/cosmetic.lv\/lv\/product\/vitaoleum-balzam-zales-un-eteriskas-ellas\/#breadcrumb","itemListElement":[{"@type":"ListItem","position":1,"name":"Home","item":"https:\/\/cosmetic.lv\/lv\/"},{"@type":"ListItem","position":2,"name":"Veikals","item":"https:\/\/cosmetic.lv\/lv\/veiklas\/"},{"@type":"ListItem","position":3,"name":"Vitaoleum balzam z\u0101les un \u0113terisk\u0101s e\u013c\u013cas"}]},{"@type":"WebSite","@id":"https:\/\/cosmetic.lv\/lv\/#website","url":"https:\/\/cosmetic.lv\/lv\/","name":"cosmetic.lv","description":"Profesion\u0101la kosm\u0113tika - Maria Galland, Keune, Arkadija, GMT, Guam, Magiray","publisher":{"@id":"https:\/\/cosmetic.lv\/lv\/#organization"},"potentialAction":[{"@type":"SearchAction","target":{"@type":"EntryPoint","urlTemplate":"https:\/\/cosmetic.lv\/lv\/?s={search_term_string}"},"query-input":{"@type":"PropertyValueSpecification","valueRequired":true,"valueName":"search_term_string"}}],"inLanguage":"lv-LV"},{"@type":"Organization","@id":"https:\/\/cosmetic.lv\/lv\/#organization","name":"COSMETIC.LV","url":"https:\/\/cosmetic.lv\/lv\/","logo":{"@type":"ImageObject","inLanguage":"lv-LV","@id":"https:\/\/cosmetic.lv\/lv\/#\/schema\/logo\/image\/","url":"https:\/\/cosmetic.lv\/wp-content\/uploads\/2021\/02\/cosmetic.lv_logo.jpg","contentUrl":"https:\/\/cosmetic.lv\/wp-content\/uploads\/2021\/02\/cosmetic.lv_logo.jpg","width":596,"height":196,"caption":"COSMETIC.LV"},"image":{"@id":"https:\/\/cosmetic.lv\/lv\/#\/schema\/logo\/image\/"},"sameAs":["https:\/\/www.facebook.com\/cosmetic.lv\/"]}]},"product_price_amount":"11.90","product_price_currency":"EUR","og_availability":"instock","product_availability":"instock","product_condition":"new"},"_links":{"self":[{"href":"https:\/\/cosmetic.lv\/lv\/wp-json\/wp\/v2\/product\/39544","targetHints":{"allow":["GET"]}}],"collection":[{"href":"https:\/\/cosmetic.lv\/lv\/wp-json\/wp\/v2\/product"}],"about":[{"href":"https:\/\/cosmetic.lv\/lv\/wp-json\/wp\/v2\/types\/product"}],"wp:featuredmedia":[{"embeddable":true,"href":"https:\/\/cosmetic.lv\/lv\/wp-json\/wp\/v2\/media\/39543"}],"wp:attachment":[{"href":"https:\/\/cosmetic.lv\/lv\/wp-json\/wp\/v2\/media?parent=39544"}],"wp:term":[{"taxonomy":"product_brand","embeddable":true,"href":"https:\/\/cosmetic.lv\/lv\/wp-json\/wp\/v2\/product_brand?post=39544"},{"taxonomy":"product_cat","embeddable":true,"href":"https:\/\/cosmetic.lv\/lv\/wp-json\/wp\/v2\/product_cat?post=39544"},{"taxonomy":"product_tag","embeddable":true,"href":"https:\/\/cosmetic.lv\/lv\/wp-json\/wp\/v2\/product_tag?post=39544"}],"curies":[{"name":"wp","href":"https:\/\/api.w.org\/{rel}","templated":true}]}}